{"id":7346,"date":"2008-09-29T16:29:22","date_gmt":"2008-09-29T21:29:22","guid":{"rendered":"http:\/\/vildavastra.se\/mommasblogg\/?page_id=2"},"modified":"2017-07-09T04:14:30","modified_gmt":"2017-07-09T03:14:30","slug":"about","status":"publish","type":"page","link":"https:\/\/mommas.junselebyar.se\/wp\/?page_id=7346","title":{"rendered":"Om mig"},"content":{"rendered":"<p>Jag bor i Holafors \u00c5ngermanland. Har levt ett intressant, berikat liv tillsammans med min man Kjell i snart 60 \u00e5r. \u00c4r f\u00f6rfattare till\u00a0tre b\u00f6cker. En trilogi om mitt liv; som skolhemsonge, ung maka och mor, samt hur jag med mental tr\u00e4ning kunde f\u00e5 leva ett liv utan fibromyalgi. Har tidigare arbetat i hemtj\u00e4nsten, som \u201dskurk\u00e4rring\u201d p\u00e5 Lasele kraftverk, utbildat mig till konsult i mental tr\u00e4ning i \u00d6rebro, f\u00e5tt resa landet runt, h\u00e5llit f\u00f6rel\u00e4sningar och kurser, haft eget f\u00f6retag, samt kursg\u00e5rd i Holafors. \u00c4r nu 77 \u00e5r fyllda och \u00e4gnar mitt liv i f\u00f6rsta hand till familjen och att skriva ner allt jag minns fr\u00e5n min barndom. Min skolhemstid, min uppv\u00e4xt i Bysj\u00f6, mm.<\/p>\n","protected":false},"excerpt":{"rendered":"<p>Jag bor i Holafors \u00c5ngermanland. Har levt ett intressant, berikat liv tillsammans med min man Kjell i snart 60 \u00e5r. \u00c4r f\u00f6rfattare till\u00a0tre b\u00f6cker. En trilogi om mitt liv; som skolhemsonge, ung maka och mor, samt hur jag med mental tr\u00e4ning kunde f\u00e5 leva ett liv utan fibromyalgi. Har tidigare arbetat i hemtj\u00e4nsten, som \u201dskurk\u00e4rring\u201d &hellip; <a href=\"https:\/\/mommas.junselebyar.se\/wp\/?page_id=7346\" class=\"more-link\">Forts\u00e4tt l\u00e4sa <span class=\"screen-reader-text\">Om mig<\/span> <span class=\"meta-nav\">&rarr;<\/span><\/a><\/p>\n","protected":false},"author":3,"featured_media":0,"parent":0,"menu_order":0,"comment_status":"open","ping_status":"open","template":"","meta":{"footnotes":""},"class_list":["post-7346","page","type-page","status-publish","hentry"],"_links":{"self":[{"href":"https:\/\/mommas.junselebyar.se\/wp\/index.php?rest_route=\/wp\/v2\/pages\/7346","targetHints":{"allow":["GET"]}}],"collection":[{"href":"https:\/\/mommas.junselebyar.se\/wp\/index.php?rest_route=\/wp\/v2\/pages"}],"about":[{"href":"https:\/\/mommas.junselebyar.se\/wp\/index.php?rest_route=\/wp\/v2\/types\/page"}],"author":[{"embeddable":true,"href":"https:\/\/mommas.junselebyar.se\/wp\/index.php?rest_route=\/wp\/v2\/users\/3"}],"replies":[{"embeddable":true,"href":"https:\/\/mommas.junselebyar.se\/wp\/index.php?rest_route=%2Fwp%2Fv2%2Fcomments&post=7346"}],"version-history":[{"count":1,"href":"https:\/\/mommas.junselebyar.se\/wp\/index.php?rest_route=\/wp\/v2\/pages\/7346\/revisions"}],"predecessor-version":[{"id":7586,"href":"https:\/\/mommas.junselebyar.se\/wp\/index.php?rest_route=\/wp\/v2\/pages\/7346\/revisions\/7586"}],"wp:attachment":[{"href":"https:\/\/mommas.junselebyar.se\/wp\/index.php?rest_route=%2Fwp%2Fv2%2Fmedia&parent=7346"}],"curies":[{"name":"wp","href":"https:\/\/api.w.org\/{rel}","templated":true}]}}